{"id":12,"date":"2018-11-13T08:36:15","date_gmt":"2018-11-13T08:36:15","guid":{"rendered":"http:\/\/www.jklmbiztonsag.hu\/?page_id=12"},"modified":"2024-07-16T14:10:34","modified_gmt":"2024-07-16T14:10:34","slug":"projekrol","status":"publish","type":"page","link":"https:\/\/www.jklmbiztonsag.hu\/","title":{"rendered":"Projekt"},"content":{"rendered":"<p style=\"text-align: justify;\">Az inform\u00e1ci\u00f3, kommunik\u00e1ci\u00f3; a p\u00e9nz\u00fcgy, biztos\u00edt\u00e1si tev\u00e9kenys\u00e9g; az ingatlan\u00fcgyek; a szakmai, tudom\u00e1nyos \u00e9s a m\u0171szaki tev\u00e9kenys\u00e9gi \u00e1gazatok folyamatosan n\u00f6vekv\u0151 szektorok, melyekben az \u00e1gazati szerepl\u0151k sz\u00e1mos vesz\u00e9lyforr\u00e1ssal \u00e9s kih\u00edv\u00e1ssal szembes\u00fclnek a napi munka sor\u00e1n, ilyen az id\u0151k\u00e9nyszerb\u0151l, a m\u00e1sok ir\u00e1nt viselt felel\u0151ss\u00e9gb\u0151l \u00e9s az \u00e9letvesz\u00e9lyb\u0151l fakad\u00f3 stressz, az esetleges fizikai vesz\u00e9lyforr\u00e1sok, tov\u00e1bbi relev\u00e1ns t\u00e9nyez\u0151k a test t\u00falzott ig\u00e9nybev\u00e9tele, a f\u00e1rads\u00e1g, az er\u0151szak.<br \/>\nA Magyar Iparsz\u00f6vets\u00e9g k\u00e9t konzorciumi partner\u00e9vel a fenti c\u00e9l szem el\u0151tt tart\u00e1s\u00e1val p\u00e1ly\u00e1zatot ny\u00fajtott be a GINOP-5.3.4-16-2018 p\u00e1ly\u00e1zati alapra, melyet t\u00e1mogat\u00e1sra \u00e9rdemesnek tartott\u00e1k, \u00edgy megval\u00f3s\u00edt\u00e1sa 2018.06.01-gyel kezdet\u00e9t is vette.<br \/>\nA projektben mind a munkaeg\u00e9szs\u00e9g\u00fcgy, mind pedig a munkabiztons\u00e1g ter\u00fclete kiemelt figyelmet kap. Ehhez kapcsol\u00f3d\u00f3an t\u00f6bb tev\u00e9kenys\u00e9g is megval\u00f3sult, melyr\u0151l r\u00e9szletes inform\u00e1ci\u00f3k az egyes men\u00fcpontok alatt tal\u00e1lhat\u00f3ak.<\/p>\n<p>Munkav\u00e9delmi honlap el\u00e9rhet\u0151s\u00e9ge: <span style=\"color: #000000;\"><a style=\"color: #000000;\" href=\"http:\/\/www.munkavedelem-jklm.hu\/\" target=\"_blank\" rel=\"noopener\">http:\/\/www.munkavedelem-jklm.hu\/<\/a><\/span><\/p>\n<h4 style=\"text-align: justify;\"><strong>Projekt alapadatai:<\/strong><\/h4>\n<p style=\"text-align: justify;\">P\u00e1ly\u00e1z\u00f3 neve: Magyar Iparsz\u00f6vets\u00e9g<\/p>\n<p style=\"text-align: justify;\">Konzorciumi partner:<br \/>\n-Munk\u00e1stan\u00e1csok Orsz\u00e1gos Sz\u00f6vets\u00e9ge<\/p>\n<p style=\"text-align: justify;\">Projekt azonos\u00edt\u00f3 sz\u00e1ma: GINOP-5.3.4-16-2018-00036<\/p>\n<p style=\"text-align: justify;\">Projekt c\u00edme: Munkabiztons\u00e1g \u00e9s a munkaeg\u00e9szs\u00e9g\u00fcgy komplex fejleszt\u00e9se az inform\u00e1ci\u00f3, kommunik\u00e1ci\u00f3; p\u00e9nz\u00fcgy, biztos\u00edt\u00e1si tev\u00e9kenys\u00e9g; ingatlan\u00fcgyek; szakmai, tudom\u00e1nyos, m\u0171szaki tev\u00e9kenys\u00e9g \u00e1gazatokban foglalkoztatottak r\u00e9sz\u00e9re<\/p>\n<p style=\"text-align: justify;\">Meg\u00edt\u00e9lt t\u00e1mogat\u00e1s \u00f6sszege (Ft): 77 975 556 Ft<br \/>\nA projekt megval\u00f3s\u00edt\u00e1s\u00e1nak kezdete: 2018.06.01.<br \/>\nA projekt fizikai befejez\u00e9s\u00e9nek hat\u00e1rideje: 2019.11.30.<\/p>\n","protected":false},"excerpt":{"rendered":"<p>Az inform\u00e1ci\u00f3, kommunik\u00e1ci\u00f3; a p\u00e9nz\u00fcgy, biztos\u00edt\u00e1si tev\u00e9kenys\u00e9g; az ingatlan\u00fcgyek; a szakmai, tudom\u00e1nyos \u00e9s a m\u0171szaki tev\u00e9kenys\u00e9gi \u00e1gazatok folyamatosan n\u00f6vekv\u0151 szektorok, melyekben az \u00e1gazati szerepl\u0151k sz\u00e1mos vesz\u00e9lyforr\u00e1ssal \u00e9s kih\u00edv\u00e1ssal szembes\u00fclnek a napi munka sor\u00e1n, ilyen az id\u0151k\u00e9nyszerb\u0151l, a m\u00e1sok ir\u00e1nt viselt felel\u0151ss\u00e9gb\u0151l \u00e9s az \u00e9letvesz\u00e9lyb\u0151l fakad\u00f3 stressz, az esetleges fizikai vesz\u00e9lyforr\u00e1sok, tov\u00e1bbi relev\u00e1ns t\u00e9nyez\u0151k a test [&hellip;]<\/p>\n","protected":false},"author":2,"featured_media":0,"parent":0,"menu_order":0,"comment_status":"closed","ping_status":"closed","template":"","meta":{"footnotes":""},"class_list":["post-12","page","type-page","status-publish","hentry"],"_links":{"self":[{"href":"https:\/\/www.jklmbiztonsag.hu\/index.php\/wp-json\/wp\/v2\/pages\/12","targetHints":{"allow":["GET"]}}],"collection":[{"href":"https:\/\/www.jklmbiztonsag.hu\/index.php\/wp-json\/wp\/v2\/pages"}],"about":[{"href":"https:\/\/www.jklmbiztonsag.hu\/index.php\/wp-json\/wp\/v2\/types\/page"}],"author":[{"embeddable":true,"href":"https:\/\/www.jklmbiztonsag.hu\/index.php\/wp-json\/wp\/v2\/users\/2"}],"replies":[{"embeddable":true,"href":"https:\/\/www.jklmbiztonsag.hu\/index.php\/wp-json\/wp\/v2\/comments?post=12"}],"version-history":[{"count":9,"href":"https:\/\/www.jklmbiztonsag.hu\/index.php\/wp-json\/wp\/v2\/pages\/12\/revisions"}],"predecessor-version":[{"id":513,"href":"https:\/\/www.jklmbiztonsag.hu\/index.php\/wp-json\/wp\/v2\/pages\/12\/revisions\/513"}],"wp:attachment":[{"href":"https:\/\/www.jklmbiztonsag.hu\/index.php\/wp-json\/wp\/v2\/media?parent=12"}],"curies":[{"name":"wp","href":"https:\/\/api.w.org\/{rel}","templated":true}]}}