{"id":27,"date":"2018-11-13T08:43:55","date_gmt":"2018-11-13T08:43:55","guid":{"rendered":"http:\/\/www.jklmbiztonsag.hu\/?page_id=27"},"modified":"2024-07-16T14:03:06","modified_gmt":"2024-07-16T14:03:06","slug":"szakmai-tartalom","status":"publish","type":"page","link":"https:\/\/www.jklmbiztonsag.hu\/index.php\/szakmai-tartalom\/","title":{"rendered":"Kiadv\u00e1nyok"},"content":{"rendered":"<h4><strong>A hat\u00e9konys\u00e1g \u00e9s a munkav\u00e9delem \u00f6sszef\u00fcgg\u00e9sei:<\/strong><\/h4>\n<p style=\"text-align: justify;\">Kiadv\u00e1nyunk els\u0151 r\u00e9sze a p\u00e9nz\u00fcgyi biztos\u00edt\u00e1si, ingatlan\u00fcgyek, szakmai,\u00a0tudom\u00e1nyos, m\u0171szaki tev\u00e9kenys\u00e9g ter\u00fclet\u00e9n munk\u00e1t v\u00e9gz\u0151k\u00a0munkahat\u00e9konys\u00e1g\u00e1val \u00e9s annak munkav\u00e9delemmel \u00f6sszef\u00fcgg\u0151 k\u00e9rd\u00e9seit\u00a0t\u00e1rgyalja. Kiadv\u00e1nyunk kiz\u00e1r\u00f3lag az 1993. \u00e9vi XCIII. t\u00f6rv\u00e9ny\u00a0(Mvt.) 9.\u00c5\u00f2 13. (szervezett munkav\u00e9gz\u00e9s keretein bel\u00fcl v\u00e9gzett munka)\u00a0bekezd.se szerinti foglalkoztatottakra terjed ki, de term\u00e9szetesen\u00a0hasznos ismereteket ny\u00fajt minden olvas\u00f3 sz\u00e1m\u00e1ra&#8230;<\/p>\n\n\n<div class=\"wp-block-file alignleft\"><a href=\"https:\/\/www.jklmbiztonsag.hu\/wp-content\/uploads\/2019\/07\/01_PENZUGY_KORREKTURAZOTT.pdf\" class=\"wp-block-file__button\" download>Let\u00f6lt\u00e9s<\/a><\/div>\n\n\n<p>\u00a0<\/p>\n<h4>\u00a0<\/h4>\n<h4>\u00a0<\/h4>\n<h4 style=\"text-align: justify;\"><strong>Az \u00e9rintett \u00e1gazatban dolgoz\u00f3k jogainak gyakorl\u00e1s\u00e1hoz, feladataik teljes\u00edt\u00e9s\u00e9hez sz\u00fcks\u00e9ges ismeretek a munkav\u00e9delem t\u00fckr\u00e9ben:<\/strong><\/h4>\n<p style=\"text-align: justify;\">A WHO szerint az eg\u00e9szs\u00e9g nem csup\u00e1n a betegs\u00e9g vagy a fogyat\u00e9koss\u00e1g\u00a0hi\u00e1ny\u00e1t jelenti, hanem a teljes fizikai, ment\u00e1lis \u00e9s szoci\u00e1lis\u00a0j\u00f3l-l\u00e9t \u00e1llapot\u00e1t. Napjainkban \u201eAz eg\u00e9szs\u00e9g olyan \u00e1llapot, amelyet az\u00a0anat\u00f3miai integrit\u00e1s, a teljes\u00edtm\u00e9nyre val\u00f3 k\u00e9pess\u00e9g, a szem\u00e9lyes \u00e9rt\u00e9k,\u00a0a csal\u00e1di-, munka-, \u00e9s k\u00f6z\u00f6ss\u00e9gi szerep, a fizikai, biol\u00f3giai \u00e9s t\u00e1rsadalmi\u00a0stressz-szel val\u00f3 megk\u00fczd\u00e9s k\u00e9pess\u00e9ge, a j\u00f3-l\u00e9t \u00e9rz\u00e9se, a betegs\u00e9g\u00a0\u00e9s korai hal\u00e1l rizik\u00f3it\u00f3l val\u00f3 mentess\u00e9ge jellemez.\u201d Az eg\u00e9szs\u00e9g\u00a0dimenzi\u00f3it a biol\u00f3giai, a lelki, a ment\u00e1lis, az \u00e9rzelmi \u00e9s a szoci\u00e1lis\u00a0t\u00e9nyez\u0151k jelentik&#8230;<\/p>\n\n\n<div class=\"wp-block-file alignleft\"><a href=\"https:\/\/www.jklmbiztonsag.hu\/wp-content\/uploads\/2019\/07\/02_PENZUGY_KORREKTURAZOTT.pdf\" class=\"wp-block-file__button\" download>Let\u00f6lt\u00e9s<\/a><\/div>\n\n\n<p>\u00a0<\/p>\n<h4>\u00a0<\/h4>\n<h4>\u00a0<\/h4>\n<h4 style=\"text-align: justify;\"><strong>A munkav\u00e9delem szerepe, jelent\u0151s\u00e9ge a munk\u00e1ltat\u00f3 \u00e9s a munkav\u00e1llal\u00f3 szempontj\u00e1b\u00f3l az \u00e9rintett \u00e1gazatokban dolgoz\u00f3k \u00e1llom\u00e1ny\u00e1nak k\u00f6r\u00e9ben, a munk\u00e1ltat\u00f3i \u00e9s a munkav\u00e1llal\u00f3i \u00e9rdekk\u00e9pviseletek felel\u0151ss\u00e9ge, teend\u0151i a munkav\u00e9delem ter\u00e9n:<\/strong><\/h4>\n<p style=\"text-align: justify;\">A munkajog a munkaviszony \u00e9s az \u00e9rdekv\u00e9delem k\u00e9rd\u00e9seit szab\u00e1lyozza.\u00a0A legfontosabb magyar munka\u00fcgyi jogszab\u00e1ly a Munka T\u00f6rv\u00e9nyk\u00f6nyve,\u00a0Magyarorsz\u00e1g munkajogi k\u00f3dexe, amely a Magyarorsz\u00e1gon munk\u00e1t\u00a0v\u00e1llal\u00f3 \u00e9s haz\u00e1nkban munkav\u00e1llal\u00f3kat foglalkoztat\u00f3k jogait \u00e9s k\u00f6teless\u00e9geit\u00a0foglalja \u00f6ssze sz\u00e1mos paragafusban. Jelent\u0151sen visszaszorul a felek\u00a0kapcsolat\u00e1ban a k\u00f6telez\u0151 erej\u0171 szab\u00e1lyoz\u00e1s, a t\u00f6rv\u00e9ny els\u0151sorban a\u00a0munkaviszony garanci\u00e1lis elemeit tartalmazza. A hangs\u00faly a felek meg\u00e1llapod\u00e1sain\u00a0van. A t\u00f6rv\u00e9ny szem\u00e9lyi hat\u00e1lya kiterjed a munkaviszony\u00a0alanyaira (munk\u00e1ltat\u00f3, munkav\u00e1llal\u00f3), valamint a munkav\u00e1llal\u00f3k \u00e9rdekk\u00e9pviseleti\u00a0szervezeteire (szakszervezet, \u00fczemi tan\u00e1cs)&#8230;<\/p>\n\n\n<div class=\"wp-block-file alignleft\"><a href=\"https:\/\/www.jklmbiztonsag.hu\/wp-content\/uploads\/2019\/07\/03_PENZUGY_KORREKTURAZOTT.pdf\" class=\"wp-block-file__button\" download>Let\u00f6lt\u00e9s<\/a><\/div>\n\n\n<p>\u00a0<\/p>\n<h4>\u00a0<\/h4>\n<h4>\u00a0<\/h4>\n<h4 style=\"text-align: justify;\"><strong>A munkahelyi eg\u00e9szs\u00e9gmeg\u0151rz\u0151, munkak\u00e9pess\u00e9gfejleszt\u0151 programok lehets\u00e9ges tartalma az \u00e9rintett \u00e1gazatokban dolgoz\u00f3 \u00e1llom\u00e1ny k\u00f6r\u00e9ben, alkalmaz\u00e1si ter\u00fcleteik a r\u00e9szv\u00e9telt el\u0151seg\u00edt\u0151, \u00f6szt\u00f6nz\u0151 megold\u00e1sok:<\/strong><\/h4>\n<p style=\"text-align: justify;\">A munkav\u00e1llal\u00f3k eg\u00e9szs\u00e9gv\u00e9delme napjainkban nem csak l\u00e9tfontoss\u00e1g\u00fa,\u00a0hanem strat\u00e9giai k\u00e9rd\u00e9ss\u00e9 is v\u00e1lt, amely \u00fajabb nagy\u00a0kih\u00edv\u00e1st jelent az \u00e9rdekv\u00e9delmi szervezetek \u00e9let\u00e9ben, melynek\u00a0f\u0151szerepl\u0151j\u00e9nek \u00e9s egyben mozgat\u00f3 rug\u00f3j\u00e1nak a Szakszervezetnek\u00a0kell lennie, fel kell v\u00e1llalnia azt a feladatot c\u00e9lk\u00e9nt, amellyel\u00a0a k\u00f6zeg\u00e9szs\u00e9g\u00fcgy bet\u00f6lti azt a k\u00fcldet\u00e9s\u00e9t, amire m\u00faltja \u00e9s v\u00e1llalt\u00a0t\u00e1rsadalmi felel\u0151ss\u00e9gtudata k\u00f6telezi. Ugyanis, Magyarorsz\u00e1gon\u00a0az elm\u00falt \u00e9vekben egyre t\u00f6bb f\u00f3rumon esik sz\u00f3 az eg\u00e9szs\u00e9ges\u00a0\u201emunkav\u00e1llal\u00f3kr\u00f3l\u201d, de sajnos nem kell\u0151 hangs\u00fallyal \u00e9s hat\u00e9konys\u00e1ggal\u00a0t\u00f6rt\u00e9nik meg az eg\u00e9szs\u00e9gmeg\u0151rz\u00e9sre ir\u00e1nyul\u00f3 prevenci\u00f3\u00a0gyakorlati megval\u00f3s\u00edt\u00e1sa. Ezt igazolj\u00e1k a k\u00f6vetkez\u0151 statisztikai\u00a0adatok&#8230;<\/p>\n\n\n<div class=\"wp-block-file alignleft\"><a href=\"https:\/\/www.jklmbiztonsag.hu\/wp-content\/uploads\/2019\/07\/04_PENZUGY_KORREKTURAZOTT.pdf\" class=\"wp-block-file__button\" download>Let\u00f6lt\u00e9s<\/a><\/div>\n\n\n<p>\u00a0<\/p>\n<h4>\u00a0<\/h4>\n<h4>\u00a0<\/h4>\n<h4 style=\"text-align: justify;\"><strong>A munkabiztons\u00e1g, prevenci\u00f3, megel\u0151z\u00e9s eszk\u00f6zei az \u00e9rintett \u00e1gazatokban:<\/strong><\/h4>\n<p style=\"text-align: justify;\">Kiadv\u00e1nyunk ezen r\u00e9sz\u00e9ben a munkabiztons\u00e1gr\u00f3l, a megel\u0151z\u00e9sr\u0151l,\u00a0\u00e9s annak eszk\u00f6zeir\u0151l szeretn\u00e9nk \u00e1tfog\u00f3 ismereteket ny\u00fajtani\u00a0az \u00d6n sz\u00e1m\u00e1ra. Eddigiek sor\u00e1n a munk\u00e1ltat\u00f3 azon munkav\u00e1llal\u00f3ival\u00a0foglalkoztunk, akik a munk\u00e1ltat\u00f3 saj\u00e1t telephely\u00e9n, irod\u00e1j\u00e1ban\u00a0dolgoznak, most szeretn\u00e9nk kit\u00e9rni a k\u00fcl\u00f6nf\u00e9le form\u00e1ban megb\u00edz\u00e1st\u00a0teljes\u00edt\u0151 munkav\u00e1llal\u00f3kra, hiszen \u0151k is fontos r\u00e9sz\u00e9t alkotj\u00e1k\u00a0az adott szervezet tev\u00e9kenys\u00e9g\u00e9nek. Ezen munkav\u00e1llal\u00f3k is akt\u00edv\u00a0r\u00e9szesei a v\u00e1llalat \u00e9let\u00e9nek, strukt\u00far\u00e1j\u00e1nak, \u00e9s hozz\u00e1seg\u00edtik a szervezetet\u00a0a siker el\u00e9r\u00e9s\u00e9hez. Ez\u00e1ltal elengedhetetlen ezzel a t\u00e9m\u00e1val\u00a0foglalkozni, hogy el\u00e9rj\u00fck c\u00e9lunkat, amely a k\u00f6vetkez\u0151: \u201eA holnap\u00a0sikeres munkahelyei azok lesznek, amelyek m\u00e1r ma \u00f6ssze tudj\u00e1k\u00a0egyeztetni az elk\u00e9pzel\u00e9seiket azzal az el\u0151rel\u00e1t\u00e1ssal, hogy befektessenek\u00a0a munkav\u00e1llal\u00f3k eg\u00e9szs\u00e9g\u00e9be \u00e9s biztons\u00e1g\u00e1ba is\u201d&#8230;<\/p>\n\n\n<div class=\"wp-block-file alignleft\"><a href=\"https:\/\/www.jklmbiztonsag.hu\/wp-content\/uploads\/2019\/07\/05_PENZUGY_KORREKTURAZOTT.pdf\" class=\"wp-block-file__button\" download>Let\u00f6lt\u00e9s<\/a><\/div>\n\n\n<p>\u00a0<\/p>\n<h4>\u00a0<\/h4>\n<h4>\u00a0<\/h4>\n<h4><strong>A munkav\u00e9delmi k\u00e9pvisel\u0151k feladatainak \u00f6sszefoglal\u00e1sa:<\/strong><\/h4>\n<p style=\"text-align: justify;\">Sorozatunk 6., egyben befejez\u0151 kiadv\u00e1y\u00e1ban a munkav\u00e9delmi k\u00e9pvisel\u0151k\u00a0feladatait, feladatk\u00f6reit, a megv\u00e1laszt\u00e1sukra vonatkoz\u00f3 jogi\u00a0szab\u00e1lyoz\u00e1st mutatjuk be.\u00a0K\u00fcl\u00f6n foglalkozunk a munkav\u00e9delmi k\u00e9pvisel\u0151k munkajogi\u00a0v\u00e9delm\u00e9vel, ennek gyakorlat\u00e1t a B\u00edr\u00f3s\u00e1gi d\u00f6nt\u00e9s bemutat\u00e1sa fejezetben\u00a0tal\u00e1lhatj\u00e1k kiadv\u00e1nyunkban. C\u00e9lunk er\u0151s\u00edteni a megv\u00e1lasztott,\u00a0feladatukat j\u00f3l v\u00e9gz\u0151 munkav\u00e9delmi k\u00e9pvisel\u0151k tudat\u00e1ban,\u00a0hogy igenis, \u0151k is v\u00e9dve vannak, a jog alkot\u00f3ja nem feledkezett\u00a0meg r\u00f3luk&#8230;<\/p>\n\n\n<div class=\"wp-block-file alignleft\"><a href=\"https:\/\/www.jklmbiztonsag.hu\/wp-content\/uploads\/2019\/07\/06_PENZUGY_KORREKTURAZOTT.pdf\" class=\"wp-block-file__button\" download>Let\u00f6lt\u00e9s<\/a><\/div>\n","protected":false},"excerpt":{"rendered":"<p>A hat\u00e9konys\u00e1g \u00e9s a munkav\u00e9delem \u00f6sszef\u00fcgg\u00e9sei: Kiadv\u00e1nyunk els\u0151 r\u00e9sze a p\u00e9nz\u00fcgyi biztos\u00edt\u00e1si, ingatlan\u00fcgyek, szakmai,\u00a0tudom\u00e1nyos, m\u0171szaki tev\u00e9kenys\u00e9g ter\u00fclet\u00e9n munk\u00e1t v\u00e9gz\u0151k\u00a0munkahat\u00e9konys\u00e1g\u00e1val \u00e9s annak munkav\u00e9delemmel \u00f6sszef\u00fcgg\u0151 k\u00e9rd\u00e9seit\u00a0t\u00e1rgyalja. Kiadv\u00e1nyunk kiz\u00e1r\u00f3lag az 1993. \u00e9vi XCIII. t\u00f6rv\u00e9ny\u00a0(Mvt.) 9.\u00c5\u00f2 13. (szervezett munkav\u00e9gz\u00e9s keretein bel\u00fcl v\u00e9gzett munka)\u00a0bekezd.se szerinti foglalkoztatottakra terjed ki, de term\u00e9szetesen\u00a0hasznos ismereteket ny\u00fajt minden olvas\u00f3 sz\u00e1m\u00e1ra&#8230; \u00a0 \u00a0 \u00a0 Az \u00e9rintett [&hellip;]<\/p>\n","protected":false},"author":2,"featured_media":0,"parent":0,"menu_order":0,"comment_status":"closed","ping_status":"closed","template":"","meta":{"footnotes":""},"class_list":["post-27","page","type-page","status-publish","hentry"],"_links":{"self":[{"href":"https:\/\/www.jklmbiztonsag.hu\/index.php\/wp-json\/wp\/v2\/pages\/27","targetHints":{"allow":["GET"]}}],"collection":[{"href":"https:\/\/www.jklmbiztonsag.hu\/index.php\/wp-json\/wp\/v2\/pages"}],"about":[{"href":"https:\/\/www.jklmbiztonsag.hu\/index.php\/wp-json\/wp\/v2\/types\/page"}],"author":[{"embeddable":true,"href":"https:\/\/www.jklmbiztonsag.hu\/index.php\/wp-json\/wp\/v2\/users\/2"}],"replies":[{"embeddable":true,"href":"https:\/\/www.jklmbiztonsag.hu\/index.php\/wp-json\/wp\/v2\/comments?post=27"}],"version-history":[{"count":27,"href":"https:\/\/www.jklmbiztonsag.hu\/index.php\/wp-json\/wp\/v2\/pages\/27\/revisions"}],"predecessor-version":[{"id":406,"href":"https:\/\/www.jklmbiztonsag.hu\/index.php\/wp-json\/wp\/v2\/pages\/27\/revisions\/406"}],"wp:attachment":[{"href":"https:\/\/www.jklmbiztonsag.hu\/index.php\/wp-json\/wp\/v2\/media?parent=27"}],"curies":[{"name":"wp","href":"https:\/\/api.w.org\/{rel}","templated":true}]}}