{"id":33,"date":"2018-11-13T08:47:35","date_gmt":"2018-11-13T08:47:35","guid":{"rendered":"http:\/\/www.jklmbiztonsag.hu\/?page_id=33"},"modified":"2024-07-16T14:12:52","modified_gmt":"2024-07-16T14:12:52","slug":"rendezvenyek","status":"publish","type":"page","link":"https:\/\/www.jklmbiztonsag.hu\/index.php\/rendezvenyek\/","title":{"rendered":"Rendezv\u00e9nyek"},"content":{"rendered":"<p style=\"text-align: justify;\">T\u00e1j\u00e9koztat\u00f3 rendezv\u00e9nyek is megval\u00f3sultak a projekt sor\u00e1n: a c\u00e9lcsoport sz\u00e1m\u00e1ra 6 t\u00e1j\u00e9koztat\u00f3 rendezv\u00e9ny ker\u00fclt lebonyol\u00edt\u00e1sra 3 k\u00fcl\u00f6nb\u00f6z\u0151 r\u00e9gi\u00f3ban. A rendezv\u00e9nyek min. 50 f\u0151 r\u00e9szv\u00e9tel\u00e9vel zajlottak. A rendezv\u00e9nyek \u00e1ltal t\u00f6bb mint 25 munk\u00e1ltat\u00f3 k\u00e9pviseltette mag\u00e1t, \u00edgy k\u00f6zvetlen\u00fcl tudunk inform\u00e1ci\u00f3val szolg\u00e1lni a munkav\u00e1llal\u00f3k, munk\u00e1ltat\u00f3k \u00e9s munkav\u00e9delmi k\u00e9pvisel\u0151k sz\u00e1m\u00e1ra is. A rendezv\u00e9nyeken bemutat\u00e1sra ker\u00fclt a projekt, valamint munkaeg\u00e9szs\u00e9g\u00fcgyi \u00e9s munkabiztons\u00e1gi el\u0151ad\u00e1st is meghallgathattak a r\u00e9sztvev\u0151k szak\u00e9rt\u0151k el\u0151ad\u00e1s\u00e1ban. A rendezv\u00e9nyek sor\u00e1n az elk\u00e9sz\u00fclt kiadv\u00e1nyok is sz\u00e9toszt\u00e1sra ker\u00fcltek.<\/p>\n<p><strong>Megval\u00f3sult rendezv\u00e9nyek:<\/strong><\/p>\n<p>2019.07.24. Eger<\/p>\n<p>2019.07.29. Szarvas<\/p>\n<p>2019.07.30. Igal<\/p>\n<p>2019.08.06. Moh\u00e1cs<\/p>\n<p>2019.08.30. Tam\u00e1si<\/p>\n<p>2019.11.11. Tatab\u00e1nya<\/p>\n<p><em>A rendezv\u00e9nyekr\u0151l tov\u00e1bbi fot\u00f3k a Gal\u00e9ri\u00e1ban tekinthet\u0151ek meg.<\/em><\/p>\n<\/p>\n<h4 style=\"text-align: center;\"><strong>Eger <\/strong><strong>\u2013 2019.07.24.<\/strong><\/h4>\n\n\n<figure class=\"wp-block-gallery has-nested-images columns-default is-cropped wp-block-gallery-1 is-layout-flex wp-block-gallery-is-layout-flex\">\n<figure class=\"wp-block-image size-large\"><a href=\"https:\/\/www.jklmbiztonsag.hu\/wp-content\/uploads\/2020\/07\/IMG_1960-scaled.jpg\"><img loading=\"lazy\" decoding=\"async\" width=\"1024\" height=\"768\" data-id=\"529\" src=\"https:\/\/www.jklmbiztonsag.hu\/wp-content\/uploads\/2020\/07\/IMG_1960-1024x768.jpg\" alt=\"\" class=\"wp-image-529\" srcset=\"https:\/\/www.jklmbiztonsag.hu\/wp-content\/uploads\/2020\/07\/IMG_1960-1024x768.jpg 1024w, https:\/\/www.jklmbiztonsag.hu\/wp-content\/uploads\/2020\/07\/IMG_1960-300x225.jpg 300w, https:\/\/www.jklmbiztonsag.hu\/wp-content\/uploads\/2020\/07\/IMG_1960-768x576.jpg 768w, https:\/\/www.jklmbiztonsag.hu\/wp-content\/uploads\/2020\/07\/IMG_1960-1536x1152.jpg 1536w, https:\/\/www.jklmbiztonsag.hu\/wp-content\/uploads\/2020\/07\/IMG_1960-2048x1536.jpg 2048w, https:\/\/www.jklmbiztonsag.hu\/wp-content\/uploads\/2020\/07\/IMG_1960-900x675.jpg 900w, https:\/\/www.jklmbiztonsag.hu\/wp-content\/uploads\/2020\/07\/IMG_1960-1280x960.jpg 1280w, https:\/\/www.jklmbiztonsag.hu\/wp-content\/uploads\/2020\/07\/IMG_1960-400x300.jpg 400w\" sizes=\"auto, (max-width: 1024px) 100vw, 1024px\" \/><\/a><\/figure>\n\n\n\n<figure class=\"wp-block-image size-large\"><a href=\"https:\/\/www.jklmbiztonsag.hu\/wp-content\/uploads\/2020\/07\/IMG_1946-scaled.jpg\"><img loading=\"lazy\" decoding=\"async\" width=\"1024\" height=\"768\" data-id=\"530\" src=\"https:\/\/www.jklmbiztonsag.hu\/wp-content\/uploads\/2020\/07\/IMG_1946-1024x768.jpg\" alt=\"\" class=\"wp-image-530\" srcset=\"https:\/\/www.jklmbiztonsag.hu\/wp-content\/uploads\/2020\/07\/IMG_1946-1024x768.jpg 1024w, https:\/\/www.jklmbiztonsag.hu\/wp-content\/uploads\/2020\/07\/IMG_1946-300x225.jpg 300w, https:\/\/www.jklmbiztonsag.hu\/wp-content\/uploads\/2020\/07\/IMG_1946-768x576.jpg 768w, https:\/\/www.jklmbiztonsag.hu\/wp-content\/uploads\/2020\/07\/IMG_1946-1536x1152.jpg 1536w, https:\/\/www.jklmbiztonsag.hu\/wp-content\/uploads\/2020\/07\/IMG_1946-2048x1536.jpg 2048w, https:\/\/www.jklmbiztonsag.hu\/wp-content\/uploads\/2020\/07\/IMG_1946-900x675.jpg 900w, https:\/\/www.jklmbiztonsag.hu\/wp-content\/uploads\/2020\/07\/IMG_1946-1280x960.jpg 1280w, https:\/\/www.jklmbiztonsag.hu\/wp-content\/uploads\/2020\/07\/IMG_1946-400x300.jpg 400w\" sizes=\"auto, (max-width: 1024px) 100vw, 1024px\" \/><\/a><\/figure>\n\n\n\n<figure class=\"wp-block-image size-large\"><a href=\"https:\/\/www.jklmbiztonsag.hu\/wp-content\/uploads\/2020\/07\/IMG_1948-scaled.jpg\"><img loading=\"lazy\" decoding=\"async\" width=\"1024\" height=\"768\" data-id=\"531\" src=\"https:\/\/www.jklmbiztonsag.hu\/wp-content\/uploads\/2020\/07\/IMG_1948-1024x768.jpg\" alt=\"\" class=\"wp-image-531\" srcset=\"https:\/\/www.jklmbiztonsag.hu\/wp-content\/uploads\/2020\/07\/IMG_1948-1024x768.jpg 1024w, https:\/\/www.jklmbiztonsag.hu\/wp-content\/uploads\/2020\/07\/IMG_1948-300x225.jpg 300w, https:\/\/www.jklmbiztonsag.hu\/wp-content\/uploads\/2020\/07\/IMG_1948-768x576.jpg 768w, https:\/\/www.jklmbiztonsag.hu\/wp-content\/uploads\/2020\/07\/IMG_1948-1536x1152.jpg 1536w, https:\/\/www.jklmbiztonsag.hu\/wp-content\/uploads\/2020\/07\/IMG_1948-2048x1536.jpg 2048w, https:\/\/www.jklmbiztonsag.hu\/wp-content\/uploads\/2020\/07\/IMG_1948-900x675.jpg 900w, https:\/\/www.jklmbiztonsag.hu\/wp-content\/uploads\/2020\/07\/IMG_1948-1280x960.jpg 1280w, https:\/\/www.jklmbiztonsag.hu\/wp-content\/uploads\/2020\/07\/IMG_1948-400x300.jpg 400w\" sizes=\"auto, (max-width: 1024px) 100vw, 1024px\" \/><\/a><\/figure>\n<\/figure>\n\n\n<h4 style=\"text-align: center;\"><strong>Szarvas <\/strong><strong>\u2013 2019.07.29.<\/strong><\/h4>\n\n\n<figure class=\"wp-block-gallery has-nested-images columns-default is-cropped wp-block-gallery-2 is-layout-flex wp-block-gallery-is-layout-flex\">\n<figure class=\"wp-block-image size-large\"><a href=\"https:\/\/www.jklmbiztonsag.hu\/wp-content\/uploads\/2020\/07\/IMG_20200727_073943-scaled.jpg\"><img loading=\"lazy\" decoding=\"async\" width=\"1024\" height=\"768\" data-id=\"534\" src=\"https:\/\/www.jklmbiztonsag.hu\/wp-content\/uploads\/2020\/07\/IMG_20200727_073943-1024x768.jpg\" alt=\"\" class=\"wp-image-534\" srcset=\"https:\/\/www.jklmbiztonsag.hu\/wp-content\/uploads\/2020\/07\/IMG_20200727_073943-1024x768.jpg 1024w, https:\/\/www.jklmbiztonsag.hu\/wp-content\/uploads\/2020\/07\/IMG_20200727_073943-300x225.jpg 300w, https:\/\/www.jklmbiztonsag.hu\/wp-content\/uploads\/2020\/07\/IMG_20200727_073943-768x576.jpg 768w, https:\/\/www.jklmbiztonsag.hu\/wp-content\/uploads\/2020\/07\/IMG_20200727_073943-1536x1152.jpg 1536w, https:\/\/www.jklmbiztonsag.hu\/wp-content\/uploads\/2020\/07\/IMG_20200727_073943-2048x1536.jpg 2048w, https:\/\/www.jklmbiztonsag.hu\/wp-content\/uploads\/2020\/07\/IMG_20200727_073943-900x675.jpg 900w, https:\/\/www.jklmbiztonsag.hu\/wp-content\/uploads\/2020\/07\/IMG_20200727_073943-1280x960.jpg 1280w, https:\/\/www.jklmbiztonsag.hu\/wp-content\/uploads\/2020\/07\/IMG_20200727_073943-400x300.jpg 400w\" sizes=\"auto, (max-width: 1024px) 100vw, 1024px\" \/><\/a><\/figure>\n\n\n\n<figure class=\"wp-block-image size-large\"><a href=\"https:\/\/www.jklmbiztonsag.hu\/wp-content\/uploads\/2020\/07\/IMG_20200727_073654-scaled.jpg\"><img loading=\"lazy\" decoding=\"async\" width=\"1024\" height=\"472\" data-id=\"535\" src=\"https:\/\/www.jklmbiztonsag.hu\/wp-content\/uploads\/2020\/07\/IMG_20200727_073654-1024x472.jpg\" alt=\"\" class=\"wp-image-535\" srcset=\"https:\/\/www.jklmbiztonsag.hu\/wp-content\/uploads\/2020\/07\/IMG_20200727_073654-1024x472.jpg 1024w, https:\/\/www.jklmbiztonsag.hu\/wp-content\/uploads\/2020\/07\/IMG_20200727_073654-300x138.jpg 300w, https:\/\/www.jklmbiztonsag.hu\/wp-content\/uploads\/2020\/07\/IMG_20200727_073654-768x354.jpg 768w, https:\/\/www.jklmbiztonsag.hu\/wp-content\/uploads\/2020\/07\/IMG_20200727_073654-1536x707.jpg 1536w, https:\/\/www.jklmbiztonsag.hu\/wp-content\/uploads\/2020\/07\/IMG_20200727_073654-2048x943.jpg 2048w, https:\/\/www.jklmbiztonsag.hu\/wp-content\/uploads\/2020\/07\/IMG_20200727_073654-900x414.jpg 900w, https:\/\/www.jklmbiztonsag.hu\/wp-content\/uploads\/2020\/07\/IMG_20200727_073654-1280x589.jpg 1280w, https:\/\/www.jklmbiztonsag.hu\/wp-content\/uploads\/2020\/07\/IMG_20200727_073654-400x184.jpg 400w\" sizes=\"auto, (max-width: 1024px) 100vw, 1024px\" \/><\/a><\/figure>\n\n\n\n<figure class=\"wp-block-image size-large\"><a href=\"https:\/\/www.jklmbiztonsag.hu\/wp-content\/uploads\/2020\/07\/IMG_20200727_074304-1-scaled.jpg\"><img loading=\"lazy\" decoding=\"async\" width=\"1024\" height=\"472\" data-id=\"615\" src=\"https:\/\/www.jklmbiztonsag.hu\/wp-content\/uploads\/2020\/07\/IMG_20200727_074304-1-1024x472.jpg\" alt=\"\" class=\"wp-image-615\" srcset=\"https:\/\/www.jklmbiztonsag.hu\/wp-content\/uploads\/2020\/07\/IMG_20200727_074304-1-1024x472.jpg 1024w, https:\/\/www.jklmbiztonsag.hu\/wp-content\/uploads\/2020\/07\/IMG_20200727_074304-1-300x138.jpg 300w, https:\/\/www.jklmbiztonsag.hu\/wp-content\/uploads\/2020\/07\/IMG_20200727_074304-1-768x354.jpg 768w, https:\/\/www.jklmbiztonsag.hu\/wp-content\/uploads\/2020\/07\/IMG_20200727_074304-1-1536x707.jpg 1536w, https:\/\/www.jklmbiztonsag.hu\/wp-content\/uploads\/2020\/07\/IMG_20200727_074304-1-2048x943.jpg 2048w, https:\/\/www.jklmbiztonsag.hu\/wp-content\/uploads\/2020\/07\/IMG_20200727_074304-1-900x414.jpg 900w, https:\/\/www.jklmbiztonsag.hu\/wp-content\/uploads\/2020\/07\/IMG_20200727_074304-1-1280x589.jpg 1280w, https:\/\/www.jklmbiztonsag.hu\/wp-content\/uploads\/2020\/07\/IMG_20200727_074304-1-400x184.jpg 400w\" sizes=\"auto, (max-width: 1024px) 100vw, 1024px\" \/><\/a><\/figure>\n<\/figure>\n\n\n<h4 style=\"text-align: center;\"><strong>Igal <\/strong><strong>\u2013 2019.07.30.<\/strong><\/h4>\n\n\n<figure class=\"wp-block-gallery has-nested-images columns-default is-cropped wp-block-gallery-3 is-layout-flex wp-block-gallery-is-layout-flex\">\n<figure class=\"wp-block-image size-large\"><a href=\"https:\/\/www.jklmbiztonsag.hu\/wp-content\/uploads\/2020\/07\/IMG_20200728_082221-scaled.jpg\"><img loading=\"lazy\" decoding=\"async\" width=\"1024\" height=\"472\" data-id=\"537\" src=\"https:\/\/www.jklmbiztonsag.hu\/wp-content\/uploads\/2020\/07\/IMG_20200728_082221-1024x472.jpg\" alt=\"\" class=\"wp-image-537\" srcset=\"https:\/\/www.jklmbiztonsag.hu\/wp-content\/uploads\/2020\/07\/IMG_20200728_082221-1024x472.jpg 1024w, https:\/\/www.jklmbiztonsag.hu\/wp-content\/uploads\/2020\/07\/IMG_20200728_082221-300x138.jpg 300w, https:\/\/www.jklmbiztonsag.hu\/wp-content\/uploads\/2020\/07\/IMG_20200728_082221-768x354.jpg 768w, https:\/\/www.jklmbiztonsag.hu\/wp-content\/uploads\/2020\/07\/IMG_20200728_082221-1536x707.jpg 1536w, https:\/\/www.jklmbiztonsag.hu\/wp-content\/uploads\/2020\/07\/IMG_20200728_082221-2048x943.jpg 2048w, https:\/\/www.jklmbiztonsag.hu\/wp-content\/uploads\/2020\/07\/IMG_20200728_082221-900x414.jpg 900w, https:\/\/www.jklmbiztonsag.hu\/wp-content\/uploads\/2020\/07\/IMG_20200728_082221-1280x589.jpg 1280w, https:\/\/www.jklmbiztonsag.hu\/wp-content\/uploads\/2020\/07\/IMG_20200728_082221-400x184.jpg 400w\" sizes=\"auto, (max-width: 1024px) 100vw, 1024px\" \/><\/a><\/figure>\n\n\n\n<figure class=\"wp-block-image size-large\"><a href=\"https:\/\/www.jklmbiztonsag.hu\/wp-content\/uploads\/2020\/07\/IMG_0992-scaled.jpg\"><img loading=\"lazy\" decoding=\"async\" width=\"1024\" height=\"768\" data-id=\"538\" src=\"https:\/\/www.jklmbiztonsag.hu\/wp-content\/uploads\/2020\/07\/IMG_0992-1024x768.jpg\" alt=\"\" class=\"wp-image-538\" srcset=\"https:\/\/www.jklmbiztonsag.hu\/wp-content\/uploads\/2020\/07\/IMG_0992-1024x768.jpg 1024w, https:\/\/www.jklmbiztonsag.hu\/wp-content\/uploads\/2020\/07\/IMG_0992-300x225.jpg 300w, https:\/\/www.jklmbiztonsag.hu\/wp-content\/uploads\/2020\/07\/IMG_0992-768x576.jpg 768w, https:\/\/www.jklmbiztonsag.hu\/wp-content\/uploads\/2020\/07\/IMG_0992-1536x1152.jpg 1536w, https:\/\/www.jklmbiztonsag.hu\/wp-content\/uploads\/2020\/07\/IMG_0992-2048x1536.jpg 2048w, https:\/\/www.jklmbiztonsag.hu\/wp-content\/uploads\/2020\/07\/IMG_0992-900x675.jpg 900w, https:\/\/www.jklmbiztonsag.hu\/wp-content\/uploads\/2020\/07\/IMG_0992-1280x960.jpg 1280w, https:\/\/www.jklmbiztonsag.hu\/wp-content\/uploads\/2020\/07\/IMG_0992-400x300.jpg 400w\" sizes=\"auto, (max-width: 1024px) 100vw, 1024px\" \/><\/a><\/figure>\n\n\n\n<figure class=\"wp-block-image size-large\"><a href=\"https:\/\/www.jklmbiztonsag.hu\/wp-content\/uploads\/2020\/07\/IMG_0993-scaled.jpg\"><img loading=\"lazy\" decoding=\"async\" width=\"1024\" height=\"768\" data-id=\"539\" src=\"https:\/\/www.jklmbiztonsag.hu\/wp-content\/uploads\/2020\/07\/IMG_0993-1024x768.jpg\" alt=\"\" class=\"wp-image-539\" srcset=\"https:\/\/www.jklmbiztonsag.hu\/wp-content\/uploads\/2020\/07\/IMG_0993-1024x768.jpg 1024w, https:\/\/www.jklmbiztonsag.hu\/wp-content\/uploads\/2020\/07\/IMG_0993-300x225.jpg 300w, https:\/\/www.jklmbiztonsag.hu\/wp-content\/uploads\/2020\/07\/IMG_0993-768x576.jpg 768w, https:\/\/www.jklmbiztonsag.hu\/wp-content\/uploads\/2020\/07\/IMG_0993-1536x1152.jpg 1536w, https:\/\/www.jklmbiztonsag.hu\/wp-content\/uploads\/2020\/07\/IMG_0993-2048x1536.jpg 2048w, https:\/\/www.jklmbiztonsag.hu\/wp-content\/uploads\/2020\/07\/IMG_0993-900x675.jpg 900w, https:\/\/www.jklmbiztonsag.hu\/wp-content\/uploads\/2020\/07\/IMG_0993-1280x960.jpg 1280w, https:\/\/www.jklmbiztonsag.hu\/wp-content\/uploads\/2020\/07\/IMG_0993-400x300.jpg 400w\" sizes=\"auto, (max-width: 1024px) 100vw, 1024px\" \/><\/a><\/figure>\n<\/figure>\n\n\n<h4 style=\"text-align: center;\"><strong>Moh\u00e1cs <\/strong><strong>\u2013 2019.08.06.<\/strong><\/h4>\n\n\n<figure class=\"wp-block-gallery has-nested-images columns-default is-cropped wp-block-gallery-4 is-layout-flex wp-block-gallery-is-layout-flex\">\n<figure class=\"wp-block-image size-large\"><a href=\"https:\/\/www.jklmbiztonsag.hu\/wp-content\/uploads\/2020\/07\/IMG_1065-scaled.jpg\"><img loading=\"lazy\" decoding=\"async\" width=\"1024\" height=\"768\" data-id=\"541\" src=\"https:\/\/www.jklmbiztonsag.hu\/wp-content\/uploads\/2020\/07\/IMG_1065-1024x768.jpg\" alt=\"\" class=\"wp-image-541\" srcset=\"https:\/\/www.jklmbiztonsag.hu\/wp-content\/uploads\/2020\/07\/IMG_1065-1024x768.jpg 1024w, https:\/\/www.jklmbiztonsag.hu\/wp-content\/uploads\/2020\/07\/IMG_1065-300x225.jpg 300w, https:\/\/www.jklmbiztonsag.hu\/wp-content\/uploads\/2020\/07\/IMG_1065-768x576.jpg 768w, https:\/\/www.jklmbiztonsag.hu\/wp-content\/uploads\/2020\/07\/IMG_1065-1536x1152.jpg 1536w, https:\/\/www.jklmbiztonsag.hu\/wp-content\/uploads\/2020\/07\/IMG_1065-2048x1536.jpg 2048w, https:\/\/www.jklmbiztonsag.hu\/wp-content\/uploads\/2020\/07\/IMG_1065-900x675.jpg 900w, https:\/\/www.jklmbiztonsag.hu\/wp-content\/uploads\/2020\/07\/IMG_1065-1280x960.jpg 1280w, https:\/\/www.jklmbiztonsag.hu\/wp-content\/uploads\/2020\/07\/IMG_1065-400x300.jpg 400w\" sizes=\"auto, (max-width: 1024px) 100vw, 1024px\" \/><\/a><\/figure>\n\n\n\n<figure class=\"wp-block-image size-large\"><a href=\"https:\/\/www.jklmbiztonsag.hu\/wp-content\/uploads\/2020\/07\/IMG_1023-scaled.jpg\"><img loading=\"lazy\" decoding=\"async\" width=\"768\" height=\"1024\" data-id=\"542\" src=\"https:\/\/www.jklmbiztonsag.hu\/wp-content\/uploads\/2020\/07\/IMG_1023-768x1024.jpg\" alt=\"\" class=\"wp-image-542\" srcset=\"https:\/\/www.jklmbiztonsag.hu\/wp-content\/uploads\/2020\/07\/IMG_1023-768x1024.jpg 768w, https:\/\/www.jklmbiztonsag.hu\/wp-content\/uploads\/2020\/07\/IMG_1023-225x300.jpg 225w, https:\/\/www.jklmbiztonsag.hu\/wp-content\/uploads\/2020\/07\/IMG_1023-1152x1536.jpg 1152w, https:\/\/www.jklmbiztonsag.hu\/wp-content\/uploads\/2020\/07\/IMG_1023-1536x2048.jpg 1536w, https:\/\/www.jklmbiztonsag.hu\/wp-content\/uploads\/2020\/07\/IMG_1023-900x1200.jpg 900w, https:\/\/www.jklmbiztonsag.hu\/wp-content\/uploads\/2020\/07\/IMG_1023-1280x1707.jpg 1280w, https:\/\/www.jklmbiztonsag.hu\/wp-content\/uploads\/2020\/07\/IMG_1023-400x533.jpg 400w, https:\/\/www.jklmbiztonsag.hu\/wp-content\/uploads\/2020\/07\/IMG_1023-scaled.jpg 1920w\" sizes=\"auto, (max-width: 768px) 100vw, 768px\" \/><\/a><\/figure>\n\n\n\n<figure class=\"wp-block-image size-large\"><a href=\"https:\/\/www.jklmbiztonsag.hu\/wp-content\/uploads\/2020\/07\/IMG_1050-scaled.jpg\"><img loading=\"lazy\" decoding=\"async\" width=\"1024\" height=\"768\" data-id=\"543\" src=\"https:\/\/www.jklmbiztonsag.hu\/wp-content\/uploads\/2020\/07\/IMG_1050-1024x768.jpg\" alt=\"\" class=\"wp-image-543\" srcset=\"https:\/\/www.jklmbiztonsag.hu\/wp-content\/uploads\/2020\/07\/IMG_1050-1024x768.jpg 1024w, https:\/\/www.jklmbiztonsag.hu\/wp-content\/uploads\/2020\/07\/IMG_1050-300x225.jpg 300w, https:\/\/www.jklmbiztonsag.hu\/wp-content\/uploads\/2020\/07\/IMG_1050-768x576.jpg 768w, https:\/\/www.jklmbiztonsag.hu\/wp-content\/uploads\/2020\/07\/IMG_1050-1536x1152.jpg 1536w, https:\/\/www.jklmbiztonsag.hu\/wp-content\/uploads\/2020\/07\/IMG_1050-2048x1536.jpg 2048w, https:\/\/www.jklmbiztonsag.hu\/wp-content\/uploads\/2020\/07\/IMG_1050-900x675.jpg 900w, https:\/\/www.jklmbiztonsag.hu\/wp-content\/uploads\/2020\/07\/IMG_1050-1280x960.jpg 1280w, https:\/\/www.jklmbiztonsag.hu\/wp-content\/uploads\/2020\/07\/IMG_1050-400x300.jpg 400w\" sizes=\"auto, (max-width: 1024px) 100vw, 1024px\" \/><\/a><\/figure>\n<\/figure>\n\n\n<h4 style=\"text-align: center;\"><strong>Tam\u00e1si <\/strong><strong>\u2013 2019.08.30.<\/strong><\/h4>\n\n\n<figure class=\"wp-block-gallery has-nested-images columns-default is-cropped wp-block-gallery-5 is-layout-flex wp-block-gallery-is-layout-flex\">\n<figure class=\"wp-block-image size-large\"><a href=\"https:\/\/www.jklmbiztonsag.hu\/wp-content\/uploads\/2020\/08\/IMG_1113-2-scaled.jpg\"><img loading=\"lazy\" decoding=\"async\" width=\"1024\" height=\"768\" data-id=\"639\" src=\"https:\/\/www.jklmbiztonsag.hu\/wp-content\/uploads\/2020\/08\/IMG_1113-2-1024x768.jpg\" alt=\"\" class=\"wp-image-639\" srcset=\"https:\/\/www.jklmbiztonsag.hu\/wp-content\/uploads\/2020\/08\/IMG_1113-2-1024x768.jpg 1024w, https:\/\/www.jklmbiztonsag.hu\/wp-content\/uploads\/2020\/08\/IMG_1113-2-300x225.jpg 300w, https:\/\/www.jklmbiztonsag.hu\/wp-content\/uploads\/2020\/08\/IMG_1113-2-768x576.jpg 768w, https:\/\/www.jklmbiztonsag.hu\/wp-content\/uploads\/2020\/08\/IMG_1113-2-1536x1152.jpg 1536w, https:\/\/www.jklmbiztonsag.hu\/wp-content\/uploads\/2020\/08\/IMG_1113-2-2048x1536.jpg 2048w, https:\/\/www.jklmbiztonsag.hu\/wp-content\/uploads\/2020\/08\/IMG_1113-2-900x675.jpg 900w, https:\/\/www.jklmbiztonsag.hu\/wp-content\/uploads\/2020\/08\/IMG_1113-2-1280x960.jpg 1280w, https:\/\/www.jklmbiztonsag.hu\/wp-content\/uploads\/2020\/08\/IMG_1113-2-400x300.jpg 400w\" sizes=\"auto, (max-width: 1024px) 100vw, 1024px\" \/><\/a><\/figure>\n\n\n\n<figure class=\"wp-block-image size-large\"><a href=\"https:\/\/www.jklmbiztonsag.hu\/wp-content\/uploads\/2020\/08\/IMG_1118-scaled.jpg\"><img loading=\"lazy\" decoding=\"async\" width=\"768\" height=\"1024\" data-id=\"640\" src=\"https:\/\/www.jklmbiztonsag.hu\/wp-content\/uploads\/2020\/08\/IMG_1118-768x1024.jpg\" alt=\"\" class=\"wp-image-640\" srcset=\"https:\/\/www.jklmbiztonsag.hu\/wp-content\/uploads\/2020\/08\/IMG_1118-768x1024.jpg 768w, https:\/\/www.jklmbiztonsag.hu\/wp-content\/uploads\/2020\/08\/IMG_1118-225x300.jpg 225w, https:\/\/www.jklmbiztonsag.hu\/wp-content\/uploads\/2020\/08\/IMG_1118-1152x1536.jpg 1152w, https:\/\/www.jklmbiztonsag.hu\/wp-content\/uploads\/2020\/08\/IMG_1118-1536x2048.jpg 1536w, https:\/\/www.jklmbiztonsag.hu\/wp-content\/uploads\/2020\/08\/IMG_1118-900x1200.jpg 900w, https:\/\/www.jklmbiztonsag.hu\/wp-content\/uploads\/2020\/08\/IMG_1118-1280x1707.jpg 1280w, https:\/\/www.jklmbiztonsag.hu\/wp-content\/uploads\/2020\/08\/IMG_1118-400x533.jpg 400w, https:\/\/www.jklmbiztonsag.hu\/wp-content\/uploads\/2020\/08\/IMG_1118-scaled.jpg 1920w\" sizes=\"auto, (max-width: 768px) 100vw, 768px\" \/><\/a><\/figure>\n\n\n\n<figure class=\"wp-block-image size-large\"><a href=\"https:\/\/www.jklmbiztonsag.hu\/wp-content\/uploads\/2020\/08\/IMG_1129-scaled.jpg\"><img loading=\"lazy\" decoding=\"async\" width=\"1024\" height=\"768\" data-id=\"641\" src=\"https:\/\/www.jklmbiztonsag.hu\/wp-content\/uploads\/2020\/08\/IMG_1129-1024x768.jpg\" alt=\"\" class=\"wp-image-641\" srcset=\"https:\/\/www.jklmbiztonsag.hu\/wp-content\/uploads\/2020\/08\/IMG_1129-1024x768.jpg 1024w, https:\/\/www.jklmbiztonsag.hu\/wp-content\/uploads\/2020\/08\/IMG_1129-300x225.jpg 300w, https:\/\/www.jklmbiztonsag.hu\/wp-content\/uploads\/2020\/08\/IMG_1129-768x576.jpg 768w, https:\/\/www.jklmbiztonsag.hu\/wp-content\/uploads\/2020\/08\/IMG_1129-1536x1152.jpg 1536w, https:\/\/www.jklmbiztonsag.hu\/wp-content\/uploads\/2020\/08\/IMG_1129-2048x1536.jpg 2048w, https:\/\/www.jklmbiztonsag.hu\/wp-content\/uploads\/2020\/08\/IMG_1129-900x675.jpg 900w, https:\/\/www.jklmbiztonsag.hu\/wp-content\/uploads\/2020\/08\/IMG_1129-1280x960.jpg 1280w, https:\/\/www.jklmbiztonsag.hu\/wp-content\/uploads\/2020\/08\/IMG_1129-400x300.jpg 400w\" sizes=\"auto, (max-width: 1024px) 100vw, 1024px\" \/><\/a><\/figure>\n<\/figure>\n\n\n<h4 style=\"text-align: center;\"><strong>Tatab\u00e1nya <\/strong><strong>\u2013 2019.11.11.<\/strong><\/h4>\n\n\n<figure class=\"wp-block-gallery has-nested-images columns-default is-cropped wp-block-gallery-6 is-layout-flex wp-block-gallery-is-layout-flex\">\n<figure class=\"wp-block-image size-large\"><a href=\"https:\/\/www.jklmbiztonsag.hu\/wp-content\/uploads\/2020\/02\/IMG_4843-scaled.jpg\"><img loading=\"lazy\" decoding=\"async\" width=\"1024\" height=\"768\" data-id=\"340\" src=\"https:\/\/www.jklmbiztonsag.hu\/wp-content\/uploads\/2020\/02\/IMG_4843-1024x768.jpg\" alt=\"\" class=\"wp-image-340\" srcset=\"https:\/\/www.jklmbiztonsag.hu\/wp-content\/uploads\/2020\/02\/IMG_4843-1024x768.jpg 1024w, https:\/\/www.jklmbiztonsag.hu\/wp-content\/uploads\/2020\/02\/IMG_4843-300x225.jpg 300w, https:\/\/www.jklmbiztonsag.hu\/wp-content\/uploads\/2020\/02\/IMG_4843-768x576.jpg 768w, https:\/\/www.jklmbiztonsag.hu\/wp-content\/uploads\/2020\/02\/IMG_4843-1536x1152.jpg 1536w, https:\/\/www.jklmbiztonsag.hu\/wp-content\/uploads\/2020\/02\/IMG_4843-2048x1536.jpg 2048w, https:\/\/www.jklmbiztonsag.hu\/wp-content\/uploads\/2020\/02\/IMG_4843-900x675.jpg 900w, https:\/\/www.jklmbiztonsag.hu\/wp-content\/uploads\/2020\/02\/IMG_4843-1280x960.jpg 1280w, https:\/\/www.jklmbiztonsag.hu\/wp-content\/uploads\/2020\/02\/IMG_4843-400x300.jpg 400w\" sizes=\"auto, (max-width: 1024px) 100vw, 1024px\" \/><\/a><\/figure>\n\n\n\n<figure class=\"wp-block-image size-large\"><a href=\"https:\/\/www.jklmbiztonsag.hu\/wp-content\/uploads\/2020\/02\/IMG_0829-scaled.jpg\"><img loading=\"lazy\" decoding=\"async\" width=\"1024\" height=\"768\" data-id=\"341\" src=\"https:\/\/www.jklmbiztonsag.hu\/wp-content\/uploads\/2020\/02\/IMG_0829-1024x768.jpg\" alt=\"\" class=\"wp-image-341\" srcset=\"https:\/\/www.jklmbiztonsag.hu\/wp-content\/uploads\/2020\/02\/IMG_0829-1024x768.jpg 1024w, https:\/\/www.jklmbiztonsag.hu\/wp-content\/uploads\/2020\/02\/IMG_0829-300x225.jpg 300w, https:\/\/www.jklmbiztonsag.hu\/wp-content\/uploads\/2020\/02\/IMG_0829-768x576.jpg 768w, https:\/\/www.jklmbiztonsag.hu\/wp-content\/uploads\/2020\/02\/IMG_0829-1536x1152.jpg 1536w, https:\/\/www.jklmbiztonsag.hu\/wp-content\/uploads\/2020\/02\/IMG_0829-2048x1536.jpg 2048w, https:\/\/www.jklmbiztonsag.hu\/wp-content\/uploads\/2020\/02\/IMG_0829-900x675.jpg 900w, https:\/\/www.jklmbiztonsag.hu\/wp-content\/uploads\/2020\/02\/IMG_0829-1280x960.jpg 1280w, https:\/\/www.jklmbiztonsag.hu\/wp-content\/uploads\/2020\/02\/IMG_0829-400x300.jpg 400w\" sizes=\"auto, (max-width: 1024px) 100vw, 1024px\" \/><\/a><\/figure>\n\n\n\n<figure class=\"wp-block-image size-large\"><a href=\"https:\/\/www.jklmbiztonsag.hu\/wp-content\/uploads\/2020\/02\/IMG_4833-scaled.jpg\"><img loading=\"lazy\" decoding=\"async\" width=\"1024\" height=\"768\" data-id=\"342\" src=\"https:\/\/www.jklmbiztonsag.hu\/wp-content\/uploads\/2020\/02\/IMG_4833-1024x768.jpg\" alt=\"\" class=\"wp-image-342\" srcset=\"https:\/\/www.jklmbiztonsag.hu\/wp-content\/uploads\/2020\/02\/IMG_4833-1024x768.jpg 1024w, https:\/\/www.jklmbiztonsag.hu\/wp-content\/uploads\/2020\/02\/IMG_4833-300x225.jpg 300w, https:\/\/www.jklmbiztonsag.hu\/wp-content\/uploads\/2020\/02\/IMG_4833-768x576.jpg 768w, https:\/\/www.jklmbiztonsag.hu\/wp-content\/uploads\/2020\/02\/IMG_4833-1536x1152.jpg 1536w, https:\/\/www.jklmbiztonsag.hu\/wp-content\/uploads\/2020\/02\/IMG_4833-2048x1536.jpg 2048w, https:\/\/www.jklmbiztonsag.hu\/wp-content\/uploads\/2020\/02\/IMG_4833-900x675.jpg 900w, https:\/\/www.jklmbiztonsag.hu\/wp-content\/uploads\/2020\/02\/IMG_4833-1280x960.jpg 1280w, https:\/\/www.jklmbiztonsag.hu\/wp-content\/uploads\/2020\/02\/IMG_4833-400x300.jpg 400w\" sizes=\"auto, (max-width: 1024px) 100vw, 1024px\" \/><\/a><\/figure>\n<\/figure>\n","protected":false},"excerpt":{"rendered":"<p>T\u00e1j\u00e9koztat\u00f3 rendezv\u00e9nyek is megval\u00f3sultak a projekt sor\u00e1n: a c\u00e9lcsoport sz\u00e1m\u00e1ra 6 t\u00e1j\u00e9koztat\u00f3 rendezv\u00e9ny ker\u00fclt lebonyol\u00edt\u00e1sra 3 k\u00fcl\u00f6nb\u00f6z\u0151 r\u00e9gi\u00f3ban. A rendezv\u00e9nyek min. 50 f\u0151 r\u00e9szv\u00e9tel\u00e9vel zajlottak. A rendezv\u00e9nyek \u00e1ltal t\u00f6bb mint 25 munk\u00e1ltat\u00f3 k\u00e9pviseltette mag\u00e1t, \u00edgy k\u00f6zvetlen\u00fcl tudunk inform\u00e1ci\u00f3val szolg\u00e1lni a munkav\u00e1llal\u00f3k, munk\u00e1ltat\u00f3k \u00e9s munkav\u00e9delmi k\u00e9pvisel\u0151k sz\u00e1m\u00e1ra is. A rendezv\u00e9nyeken bemutat\u00e1sra ker\u00fclt a projekt, valamint munkaeg\u00e9szs\u00e9g\u00fcgyi [&hellip;]<\/p>\n","protected":false},"author":2,"featured_media":0,"parent":0,"menu_order":0,"comment_status":"closed","ping_status":"closed","template":"","meta":{"footnotes":""},"class_list":["post-33","page","type-page","status-publish","hentry"],"_links":{"self":[{"href":"https:\/\/www.jklmbiztonsag.hu\/index.php\/wp-json\/wp\/v2\/pages\/33","targetHints":{"allow":["GET"]}}],"collection":[{"href":"https:\/\/www.jklmbiztonsag.hu\/index.php\/wp-json\/wp\/v2\/pages"}],"about":[{"href":"https:\/\/www.jklmbiztonsag.hu\/index.php\/wp-json\/wp\/v2\/types\/page"}],"author":[{"embeddable":true,"href":"https:\/\/www.jklmbiztonsag.hu\/index.php\/wp-json\/wp\/v2\/users\/2"}],"replies":[{"embeddable":true,"href":"https:\/\/www.jklmbiztonsag.hu\/index.php\/wp-json\/wp\/v2\/comments?post=33"}],"version-history":[{"count":22,"href":"https:\/\/www.jklmbiztonsag.hu\/index.php\/wp-json\/wp\/v2\/pages\/33\/revisions"}],"predecessor-version":[{"id":682,"href":"https:\/\/www.jklmbiztonsag.hu\/index.php\/wp-json\/wp\/v2\/pages\/33\/revisions\/682"}],"wp:attachment":[{"href":"https:\/\/www.jklmbiztonsag.hu\/index.php\/wp-json\/wp\/v2\/media?parent=33"}],"curies":[{"name":"wp","href":"https:\/\/api.w.org\/{rel}","templated":true}]}}